{"id":1909,"date":"2025-09-03T16:30:07","date_gmt":"2025-09-03T19:30:07","guid":{"rendered":"https:\/\/ranchodosgatos.com.br\/?page_id=1909"},"modified":"2025-12-19T17:20:10","modified_gmt":"2025-12-19T20:20:10","slug":"disponiveis","status":"publish","type":"page","link":"https:\/\/ranchodosgatos.com.br\/?page_id=1909","title":{"rendered":"FILHOTES DISPON\u00cdVEIS"},"content":{"rendered":"\t\t<div data-elementor-type=\"wp-page\" data-elementor-id=\"1909\" class=\"elementor elementor-1909\">\n\t\t\t\t<div data-wpr-sticky-section=\"yes\" data-wpr-position-type=\"sticky\" data-wpr-position-offset=\"0\" data-wpr-position-location=\"top\" data-wpr-sticky-devices=\"desktop_sticky\" data-wpr-custom-breakpoints=\"\" data-wpr-active-breakpoints=\"mobile_sticky tablet_sticky desktop_sticky\" data-wpr-z-index=\"10\" data-wpr-sticky-hide=\"\" data-wpr-replace-header=\"\" data-wpr-animation-duration=\"\" data-wpr-sticky-type=\"sticky\" class=\"elementor-element elementor-element-ea1f3ee wpr-sticky-section-yes e-flex e-con-boxed wpr-particle-no wpr-jarallax-no wpr-parallax-no elementor-invisible e-con e-parent\" data-id=\"ea1f3ee\" data-element_type=\"container\" data-e-type=\"container\" data-settings=\"{&quot;background_background&quot;:&quot;classic&quot;,&quot;animation&quot;:&quot;fadeInDown&quot;,&quot;position_offset&quot;:0,&quot;position_offset_tablet&quot;:0,&quot;position_offset_mobile&quot;:0}\">\n\t\t\t\t\t<div class=\"e-con-inner\">\n\t\t<div class=\"elementor-element elementor-element-ec2ab05 e-con-full e-flex wpr-particle-no wpr-jarallax-no wpr-parallax-no wpr-sticky-section-no elementor-invisible e-con e-child\" data-id=\"ec2ab05\" data-element_type=\"container\" data-e-type=\"container\" data-settings=\"{&quot;background_background&quot;:&quot;classic&quot;,&quot;animation&quot;:&quot;fadeInDown&quot;}\">\n\t\t\t\t<div class=\"elementor-element elementor-element-77f3464 wpr-main-menu-align-center wpr-main-menu-align--tabletcenter wpr-main-menu-align--mobilecenter wpr-pointer-none wpr-sub-icon-caret-down wpr-sub-menu-fx-fade wpr-nav-menu-bp-tablet wpr-mobile-menu-display-dropdown wpr-mobile-menu-full-width wpr-mobile-toggle-v1 wpr-sub-divider-yes elementor-invisible elementor-widget elementor-widget-wpr-mega-menu\" data-id=\"77f3464\" data-element_type=\"widget\" data-e-type=\"widget\" data-settings=\"{&quot;_animation&quot;:&quot;fadeInDown&quot;,&quot;menu_layout&quot;:&quot;horizontal&quot;}\" data-widget_type=\"wpr-mega-menu.default\">\n\t\t\t\t<div class=\"elementor-widget-container\">\n\t\t\t\t\t<nav class=\"wpr-nav-menu-container wpr-mega-menu-container wpr-nav-menu-horizontal\" data-trigger=\"hover\"><ul id=\"menu-1-77f3464\" class=\"wpr-nav-menu wpr-mega-menu\"><li class=\"menu-item menu-item-type-custom menu-item-object-custom menu-item-home menu-item-3238\"><a href=\"https:\/\/ranchodosgatos.com.br\/\" class=\"wpr-menu-item wpr-pointer-item\"><span>HOME<\/span><\/a><\/li>\n<li class=\"menu-item menu-item-type-post_type menu-item-object-page menu-item-1912\"><a href=\"https:\/\/ranchodosgatos.com.br\/?page_id=1909\" class=\"wpr-menu-item wpr-pointer-item\"><span>FILHOTES DISPON\u00cdVEIS<\/span><\/a><\/li>\n<li class=\"menu-item menu-item-type-post_type menu-item-object-page menu-item-1732\"><a href=\"https:\/\/ranchodosgatos.com.br\/?page_id=1568\" class=\"wpr-menu-item wpr-pointer-item\"><span>SOBRE A RA\u00c7A<\/span><\/a><\/li>\n<li class=\"menu-item menu-item-type-post_type menu-item-object-page menu-item-1835\"><a href=\"https:\/\/ranchodosgatos.com.br\/?page_id=1832\" class=\"wpr-menu-item wpr-pointer-item\"><span>PADREADORES<\/span><\/a><\/li>\n<li class=\"menu-item menu-item-type-post_type menu-item-object-page menu-item-1894\"><a href=\"https:\/\/ranchodosgatos.com.br\/?page_id=1891\" class=\"wpr-menu-item wpr-pointer-item\"><span>MATRIZES<\/span><\/a><\/li>\n<li class=\"menu-item menu-item-type-post_type menu-item-object-page menu-item-2517\"><a href=\"https:\/\/ranchodosgatos.com.br\/?page_id=2235\" class=\"wpr-menu-item wpr-pointer-item\"><span>VENDIDOS<\/span><\/a><\/li>\n<\/ul><\/nav><nav class=\"wpr-mobile-nav-menu-container\"><div class=\"wpr-mobile-toggle-wrap\"><div class=\"wpr-mobile-toggle\"><span class=\"wpr-mobile-toggle-line\"><\/span><span class=\"wpr-mobile-toggle-line\"><\/span><span class=\"wpr-mobile-toggle-line\"><\/span><\/div><\/div><div class=\"wpr-mobile-mega-menu-wrap \" toggle-backface=\"\"><ul id=\"mobile-menu-2-77f3464\" class=\"wpr-mobile-nav-menu wpr-mobile-mega-menu\"><li class=\"menu-item menu-item-type-custom menu-item-object-custom menu-item-home menu-item-3238\"><a href=\"https:\/\/ranchodosgatos.com.br\/\" class=\"wpr-mobile-menu-item\">HOME<\/a><\/li>\n<li class=\"menu-item menu-item-type-post_type menu-item-object-page menu-item-1912\"><a href=\"https:\/\/ranchodosgatos.com.br\/?page_id=1909\" class=\"wpr-mobile-menu-item\">FILHOTES DISPON\u00cdVEIS<\/a><\/li>\n<li class=\"menu-item menu-item-type-post_type menu-item-object-page menu-item-1732\"><a href=\"https:\/\/ranchodosgatos.com.br\/?page_id=1568\" class=\"wpr-mobile-menu-item\">SOBRE A RA\u00c7A<\/a><\/li>\n<li class=\"menu-item menu-item-type-post_type menu-item-object-page menu-item-1835\"><a href=\"https:\/\/ranchodosgatos.com.br\/?page_id=1832\" class=\"wpr-mobile-menu-item\">PADREADORES<\/a><\/li>\n<li class=\"menu-item menu-item-type-post_type menu-item-object-page menu-item-1894\"><a href=\"https:\/\/ranchodosgatos.com.br\/?page_id=1891\" class=\"wpr-mobile-menu-item\">MATRIZES<\/a><\/li>\n<li class=\"menu-item menu-item-type-post_type menu-item-object-page menu-item-2517\"><a href=\"https:\/\/ranchodosgatos.com.br\/?page_id=2235\" class=\"wpr-mobile-menu-item\">VENDIDOS<\/a><\/li>\n<\/ul><\/div><\/nav>\t\t\t\t<\/div>\n\t\t\t\t<\/div>\n\t\t\t\t<\/div>\n\t\t\t\t\t<\/div>\n\t\t\t\t<\/div>\n\t\t<div class=\"elementor-element elementor-element-91e18bc e-flex e-con-boxed wpr-particle-no wpr-jarallax-no wpr-parallax-no wpr-sticky-section-no e-con e-parent\" data-id=\"91e18bc\" data-element_type=\"container\" data-e-type=\"container\">\n\t\t\t\t\t<div class=\"e-con-inner\">\n\t\t\t\t<div class=\"elementor-element elementor-element-f4d2ed5 elementor-widget elementor-widget-text-editor\" data-id=\"f4d2ed5\" data-element_type=\"widget\" data-e-type=\"widget\" data-widget_type=\"text-editor.default\">\n\t\t\t\t<div class=\"elementor-widget-container\">\n\t\t\t\t\t\t\t\t\t<p>\u00a0<\/p><p>\u00a0<\/p><p>\u00a0<\/p><p><strong>No momento estamos sem filhotes<\/strong><\/p>\t\t\t\t\t\t\t\t<\/div>\n\t\t\t\t<\/div>\n\t\t\t\t\t<\/div>\n\t\t\t\t<\/div>\n\t\t\t\t<\/div>\n\t\t","protected":false},"excerpt":{"rendered":"<p>HOME FILHOTES DISPON\u00cdVEIS SOBRE A RA\u00c7A PADREADORES MATRIZES VENDIDOS HOME FILHOTES DISPON\u00cdVEIS SOBRE A RA\u00c7A PADREADORES MATRIZES VENDIDOS \u00a0 \u00a0 \u00a0 No momento estamos sem filhotes<\/p>\n","protected":false},"author":1,"featured_media":0,"parent":0,"menu_order":0,"comment_status":"closed","ping_status":"closed","template":"elementor_canvas","meta":{"footnotes":""},"class_list":["post-1909","page","type-page","status-publish","hentry"],"_links":{"self":[{"href":"https:\/\/ranchodosgatos.com.br\/index.php?rest_route=\/wp\/v2\/pages\/1909","targetHints":{"allow":["GET"]}}],"collection":[{"href":"https:\/\/ranchodosgatos.com.br\/index.php?rest_route=\/wp\/v2\/pages"}],"about":[{"href":"https:\/\/ranchodosgatos.com.br\/index.php?rest_route=\/wp\/v2\/types\/page"}],"author":[{"embeddable":true,"href":"https:\/\/ranchodosgatos.com.br\/index.php?rest_route=\/wp\/v2\/users\/1"}],"replies":[{"embeddable":true,"href":"https:\/\/ranchodosgatos.com.br\/index.php?rest_route=%2Fwp%2Fv2%2Fcomments&post=1909"}],"version-history":[{"count":29,"href":"https:\/\/ranchodosgatos.com.br\/index.php?rest_route=\/wp\/v2\/pages\/1909\/revisions"}],"predecessor-version":[{"id":3345,"href":"https:\/\/ranchodosgatos.com.br\/index.php?rest_route=\/wp\/v2\/pages\/1909\/revisions\/3345"}],"wp:attachment":[{"href":"https:\/\/ranchodosgatos.com.br\/index.php?rest_route=%2Fwp%2Fv2%2Fmedia&parent=1909"}],"curies":[{"name":"wp","href":"https:\/\/api.w.org\/{rel}","templated":true}]}}